{"id":194,"date":"2020-02-06T11:14:07","date_gmt":"2020-02-06T11:14:07","guid":{"rendered":"https:\/\/seg-ober-ramstadt.de\/?page_id=194"},"modified":"2020-12-03T10:39:43","modified_gmt":"2020-12-03T10:39:43","slug":"nieder-modauer-weg","status":"publish","type":"page","link":"https:\/\/seg-ober-ramstadt.de\/?page_id=194","title":{"rendered":"Nieder-Modauer Weg"},"content":{"rendered":"\n<p>Die SEG entwickelte das Gebiet am Nieder-Modauer-Weg als Standort f\u00fcr die neue Polizeistation Ober-Ramstadt. Neben dieser Fl\u00e4che entstanden auch vier Wohnbaugrundst\u00fccke sowie eine Baufl\u00e4che f\u00fcr ein eingeschr\u00e4nktes Gewerbegebiet.<br>Die Lage des Gebietes, gut angebunden an die Umgehungsstrasse und angrenzend an die Feldflur, erg\u00e4nzt den Siedlungsk\u00f6rper der Stadt Ober-Ramstadt. Zugleich wird durch die Ansiedlung der Polizeistation eine zusammenh\u00e4ngende Nutzung durch mehrere \u00f6ffentliche Einrichtungen m\u00f6glich.<\/p>\n\n\n\n<figure class=\"wp-block-image size-large is-resized\"><a href=\"https:\/\/seg-ober-ramstadt.de\/wp-content\/uploads\/2020\/04\/B-Plan-Nieder-Modauer-Weg-scaled.jpg\"><img loading=\"lazy\" decoding=\"async\" src=\"https:\/\/seg-ober-ramstadt.de\/wp-content\/uploads\/2020\/04\/B-Plan-Nieder-Modauer-Weg-1024x1015.jpg\" alt=\"\" class=\"wp-image-495\" width=\"512\" height=\"508\" srcset=\"https:\/\/seg-ober-ramstadt.de\/wp-content\/uploads\/2020\/04\/B-Plan-Nieder-Modauer-Weg-1024x1015.jpg 1024w, https:\/\/seg-ober-ramstadt.de\/wp-content\/uploads\/2020\/04\/B-Plan-Nieder-Modauer-Weg-300x297.jpg 300w, https:\/\/seg-ober-ramstadt.de\/wp-content\/uploads\/2020\/04\/B-Plan-Nieder-Modauer-Weg-150x150.jpg 150w, https:\/\/seg-ober-ramstadt.de\/wp-content\/uploads\/2020\/04\/B-Plan-Nieder-Modauer-Weg-768x761.jpg 768w, https:\/\/seg-ober-ramstadt.de\/wp-content\/uploads\/2020\/04\/B-Plan-Nieder-Modauer-Weg-1536x1523.jpg 1536w, https:\/\/seg-ober-ramstadt.de\/wp-content\/uploads\/2020\/04\/B-Plan-Nieder-Modauer-Weg-2048x2030.jpg 2048w\" sizes=\"auto, (max-width: 512px) 100vw, 512px\" \/><\/a><\/figure>\n\n\n\n<p>Die Lage der Grundst\u00fccke in Ober-Ramstadt ist besonders attraktiv, da die <a rel=\"noreferrer noopener\" href=\"http:\/\/www.ober-ramstadt.de\" target=\"_blank\">Stadt Ober-Ramstadt<\/a> im vorderen Odenwald, idyllisch und doch inmitten des Zentrums der Wirtschaftskraft des Rhein-Main-Gebietes liegt. Die Grundst\u00fccke sind verkauft.<\/p>\n","protected":false},"excerpt":{"rendered":"<p>Die SEG entwickelte das Gebiet am Nieder-Modauer-Weg als Standort f\u00fcr die neue Polizeistation Ober-Ramstadt. Neben dieser Fl\u00e4che entstanden auch vier Wohnbaugrundst\u00fccke sowie eine Baufl\u00e4che f\u00fcr ein eingeschr\u00e4nktes Gewerbegebiet.Die Lage des Gebietes, gut angebunden an die Umgehungsstrasse und angrenzend an die Feldflur, erg\u00e4nzt den Siedlungsk\u00f6rper der Stadt Ober-Ramstadt. Zugleich wird durch die Ansiedlung der Polizeistation eine [&hellip;]<\/p>\n","protected":false},"author":1,"featured_media":0,"parent":9,"menu_order":1,"comment_status":"closed","ping_status":"closed","template":"","meta":{"footnotes":""},"class_list":["post-194","page","type-page","status-publish","hentry"],"_links":{"self":[{"href":"https:\/\/seg-ober-ramstadt.de\/index.php?rest_route=\/wp\/v2\/pages\/194","targetHints":{"allow":["GET"]}}],"collection":[{"href":"https:\/\/seg-ober-ramstadt.de\/index.php?rest_route=\/wp\/v2\/pages"}],"about":[{"href":"https:\/\/seg-ober-ramstadt.de\/index.php?rest_route=\/wp\/v2\/types\/page"}],"author":[{"embeddable":true,"href":"https:\/\/seg-ober-ramstadt.de\/index.php?rest_route=\/wp\/v2\/users\/1"}],"replies":[{"embeddable":true,"href":"https:\/\/seg-ober-ramstadt.de\/index.php?rest_route=%2Fwp%2Fv2%2Fcomments&post=194"}],"version-history":[{"count":14,"href":"https:\/\/seg-ober-ramstadt.de\/index.php?rest_route=\/wp\/v2\/pages\/194\/revisions"}],"predecessor-version":[{"id":640,"href":"https:\/\/seg-ober-ramstadt.de\/index.php?rest_route=\/wp\/v2\/pages\/194\/revisions\/640"}],"up":[{"embeddable":true,"href":"https:\/\/seg-ober-ramstadt.de\/index.php?rest_route=\/wp\/v2\/pages\/9"}],"wp:attachment":[{"href":"https:\/\/seg-ober-ramstadt.de\/index.php?rest_route=%2Fwp%2Fv2%2Fmedia&parent=194"}],"curies":[{"name":"wp","href":"https:\/\/api.w.org\/{rel}","templated":true}]}}