{"id":196,"date":"2020-02-06T11:14:57","date_gmt":"2020-02-06T11:14:57","guid":{"rendered":"https:\/\/seg-ober-ramstadt.de\/?page_id=196"},"modified":"2022-05-02T09:19:22","modified_gmt":"2022-05-02T09:19:22","slug":"polizei","status":"publish","type":"page","link":"https:\/\/seg-ober-ramstadt.de\/?page_id=196","title":{"rendered":"Neue Polizeistation"},"content":{"rendered":"\n<p>Am Dienstag, den 12. April 2022 er\u00f6ffnete das Landespolizeiorchester Hessen die feierliche Zeremonie. Nach der Begr\u00fc\u00dfung durch den Polizeipr\u00e4sident Bernhard Lammel sowie Gru\u00dfworten des B\u00fcrgermeisters Herr Schuchmann und Frau Fritz vom Landesbetrieb Bau und Immobilien (LBIH), fand die offizielle Schl\u00fcssel\u00fcbergabe statt.<\/p>\n\n\n\n<p>Im Anschlu\u00df gab es Dankesworte vom ersten Polizeihauptkommissar Herr Bl\u00fcmlein, Leiter der Polizeistation Ober-Ramstadt und einen Rundgang durch das Geb\u00e4ude.<\/p>\n\n\n\n<figure class=\"wp-block-image size-large\"><img loading=\"lazy\" decoding=\"async\" width=\"1024\" height=\"609\" src=\"https:\/\/seg-ober-ramstadt.de\/wp-content\/uploads\/2022\/05\/220412-Schluesseluebergab1-1024x609.jpg\" alt=\"\" class=\"wp-image-747\" srcset=\"https:\/\/seg-ober-ramstadt.de\/wp-content\/uploads\/2022\/05\/220412-Schluesseluebergab1-1024x609.jpg 1024w, https:\/\/seg-ober-ramstadt.de\/wp-content\/uploads\/2022\/05\/220412-Schluesseluebergab1-300x178.jpg 300w, https:\/\/seg-ober-ramstadt.de\/wp-content\/uploads\/2022\/05\/220412-Schluesseluebergab1-768x457.jpg 768w, https:\/\/seg-ober-ramstadt.de\/wp-content\/uploads\/2022\/05\/220412-Schluesseluebergab1-1536x913.jpg 1536w, https:\/\/seg-ober-ramstadt.de\/wp-content\/uploads\/2022\/05\/220412-Schluesseluebergab1-2048x1218.jpg 2048w\" sizes=\"auto, (max-width: 1024px) 100vw, 1024px\" \/><\/figure>\n\n\n\n<figure class=\"wp-block-image size-full\"><img loading=\"lazy\" decoding=\"async\" width=\"792\" height=\"792\" src=\"https:\/\/seg-ober-ramstadt.de\/wp-content\/uploads\/2022\/05\/220412-Schluesseluebergab2.jpg\" alt=\"\" class=\"wp-image-750\" srcset=\"https:\/\/seg-ober-ramstadt.de\/wp-content\/uploads\/2022\/05\/220412-Schluesseluebergab2.jpg 792w, https:\/\/seg-ober-ramstadt.de\/wp-content\/uploads\/2022\/05\/220412-Schluesseluebergab2-300x300.jpg 300w, https:\/\/seg-ober-ramstadt.de\/wp-content\/uploads\/2022\/05\/220412-Schluesseluebergab2-150x150.jpg 150w, https:\/\/seg-ober-ramstadt.de\/wp-content\/uploads\/2022\/05\/220412-Schluesseluebergab2-768x768.jpg 768w\" sizes=\"auto, (max-width: 792px) 100vw, 792px\" \/><\/figure>\n\n\n\n<figure class=\"wp-block-gallery has-nested-images columns-default is-cropped wp-block-gallery-1 is-layout-flex wp-block-gallery-is-layout-flex\">\n<figure class=\"wp-block-image size-large\"><img loading=\"lazy\" decoding=\"async\" width=\"1024\" height=\"583\" data-id=\"723\" src=\"https:\/\/seg-ober-ramstadt.de\/wp-content\/uploads\/2021\/10\/2021-10-15-Bilder-Polizei-OR-1-1024x583.jpg\" alt=\"\" class=\"wp-image-723\" srcset=\"https:\/\/seg-ober-ramstadt.de\/wp-content\/uploads\/2021\/10\/2021-10-15-Bilder-Polizei-OR-1-1024x583.jpg 1024w, https:\/\/seg-ober-ramstadt.de\/wp-content\/uploads\/2021\/10\/2021-10-15-Bilder-Polizei-OR-1-300x171.jpg 300w, https:\/\/seg-ober-ramstadt.de\/wp-content\/uploads\/2021\/10\/2021-10-15-Bilder-Polizei-OR-1-768x437.jpg 768w, https:\/\/seg-ober-ramstadt.de\/wp-content\/uploads\/2021\/10\/2021-10-15-Bilder-Polizei-OR-1-1536x874.jpg 1536w, https:\/\/seg-ober-ramstadt.de\/wp-content\/uploads\/2021\/10\/2021-10-15-Bilder-Polizei-OR-1-2048x1165.jpg 2048w\" sizes=\"auto, (max-width: 1024px) 100vw, 1024px\" \/><\/figure>\n\n\n\n<figure class=\"wp-block-image size-large\"><img loading=\"lazy\" decoding=\"async\" width=\"768\" height=\"1024\" data-id=\"722\" src=\"https:\/\/seg-ober-ramstadt.de\/wp-content\/uploads\/2021\/10\/2021-10-15-Bilder-Polizei-OR-4-768x1024.jpg\" alt=\"\" class=\"wp-image-722\" srcset=\"https:\/\/seg-ober-ramstadt.de\/wp-content\/uploads\/2021\/10\/2021-10-15-Bilder-Polizei-OR-4-768x1024.jpg 768w, https:\/\/seg-ober-ramstadt.de\/wp-content\/uploads\/2021\/10\/2021-10-15-Bilder-Polizei-OR-4-225x300.jpg 225w, https:\/\/seg-ober-ramstadt.de\/wp-content\/uploads\/2021\/10\/2021-10-15-Bilder-Polizei-OR-4-1152x1536.jpg 1152w, https:\/\/seg-ober-ramstadt.de\/wp-content\/uploads\/2021\/10\/2021-10-15-Bilder-Polizei-OR-4-1536x2048.jpg 1536w, https:\/\/seg-ober-ramstadt.de\/wp-content\/uploads\/2021\/10\/2021-10-15-Bilder-Polizei-OR-4-scaled.jpg 1920w\" sizes=\"auto, (max-width: 768px) 100vw, 768px\" \/><\/figure>\n\n\n\n<figure class=\"wp-block-image size-large\"><img loading=\"lazy\" decoding=\"async\" width=\"1024\" height=\"580\" data-id=\"721\" src=\"https:\/\/seg-ober-ramstadt.de\/wp-content\/uploads\/2021\/10\/2021-10-15-Bilder-Polizei-OR-3-1024x580.jpg\" alt=\"\" class=\"wp-image-721\" srcset=\"https:\/\/seg-ober-ramstadt.de\/wp-content\/uploads\/2021\/10\/2021-10-15-Bilder-Polizei-OR-3-1024x580.jpg 1024w, https:\/\/seg-ober-ramstadt.de\/wp-content\/uploads\/2021\/10\/2021-10-15-Bilder-Polizei-OR-3-300x170.jpg 300w, https:\/\/seg-ober-ramstadt.de\/wp-content\/uploads\/2021\/10\/2021-10-15-Bilder-Polizei-OR-3-768x435.jpg 768w, https:\/\/seg-ober-ramstadt.de\/wp-content\/uploads\/2021\/10\/2021-10-15-Bilder-Polizei-OR-3-1536x869.jpg 1536w, https:\/\/seg-ober-ramstadt.de\/wp-content\/uploads\/2021\/10\/2021-10-15-Bilder-Polizei-OR-3-2048x1159.jpg 2048w\" sizes=\"auto, (max-width: 1024px) 100vw, 1024px\" \/><\/figure>\n<\/figure>\n\n\n\n<p><\/p>\n","protected":false},"excerpt":{"rendered":"<p>Am Dienstag, den 12. April 2022 er\u00f6ffnete das Landespolizeiorchester Hessen die feierliche Zeremonie. Nach der Begr\u00fc\u00dfung durch den Polizeipr\u00e4sident Bernhard Lammel sowie Gru\u00dfworten des B\u00fcrgermeisters Herr Schuchmann und Frau Fritz vom Landesbetrieb Bau und Immobilien (LBIH), fand die offizielle Schl\u00fcssel\u00fcbergabe statt. Im Anschlu\u00df gab es Dankesworte vom ersten Polizeihauptkommissar Herr Bl\u00fcmlein, Leiter der Polizeistation Ober-Ramstadt [&hellip;]<\/p>\n","protected":false},"author":1,"featured_media":0,"parent":194,"menu_order":2,"comment_status":"closed","ping_status":"closed","template":"","meta":{"footnotes":""},"class_list":["post-196","page","type-page","status-publish","hentry"],"_links":{"self":[{"href":"https:\/\/seg-ober-ramstadt.de\/index.php?rest_route=\/wp\/v2\/pages\/196","targetHints":{"allow":["GET"]}}],"collection":[{"href":"https:\/\/seg-ober-ramstadt.de\/index.php?rest_route=\/wp\/v2\/pages"}],"about":[{"href":"https:\/\/seg-ober-ramstadt.de\/index.php?rest_route=\/wp\/v2\/types\/page"}],"author":[{"embeddable":true,"href":"https:\/\/seg-ober-ramstadt.de\/index.php?rest_route=\/wp\/v2\/users\/1"}],"replies":[{"embeddable":true,"href":"https:\/\/seg-ober-ramstadt.de\/index.php?rest_route=%2Fwp%2Fv2%2Fcomments&post=196"}],"version-history":[{"count":28,"href":"https:\/\/seg-ober-ramstadt.de\/index.php?rest_route=\/wp\/v2\/pages\/196\/revisions"}],"predecessor-version":[{"id":751,"href":"https:\/\/seg-ober-ramstadt.de\/index.php?rest_route=\/wp\/v2\/pages\/196\/revisions\/751"}],"up":[{"embeddable":true,"href":"https:\/\/seg-ober-ramstadt.de\/index.php?rest_route=\/wp\/v2\/pages\/194"}],"wp:attachment":[{"href":"https:\/\/seg-ober-ramstadt.de\/index.php?rest_route=%2Fwp%2Fv2%2Fmedia&parent=196"}],"curies":[{"name":"wp","href":"https:\/\/api.w.org\/{rel}","templated":true}]}}