{"id":219,"date":"2020-02-06T14:04:53","date_gmt":"2020-02-06T14:04:53","guid":{"rendered":"https:\/\/seg-ober-ramstadt.de\/?page_id=219"},"modified":"2020-05-08T09:12:28","modified_gmt":"2020-05-08T09:12:28","slug":"altes-weberhaus","status":"publish","type":"page","link":"https:\/\/seg-ober-ramstadt.de\/?page_id=219","title":{"rendered":"Altes Weberhaus \/ Bibliothek"},"content":{"rendered":"\n<figure class=\"wp-block-image size-large is-resized\"><a href=\"https:\/\/seg-ober-ramstadt.de\/wp-content\/uploads\/2020\/03\/Bild5-e1583325990957.jpg\"><img loading=\"lazy\" decoding=\"async\" src=\"https:\/\/seg-ober-ramstadt.de\/wp-content\/uploads\/2020\/03\/Bild5-e1583325990957.jpg\" alt=\"\" class=\"wp-image-368\" width=\"654\" height=\"311\" srcset=\"https:\/\/seg-ober-ramstadt.de\/wp-content\/uploads\/2020\/03\/Bild5-e1583325990957.jpg 567w, https:\/\/seg-ober-ramstadt.de\/wp-content\/uploads\/2020\/03\/Bild5-e1583325990957-300x143.jpg 300w\" sizes=\"auto, (max-width: 654px) 100vw, 654px\" \/><\/a><\/figure>\n\n\n\n<p>Die SEG\u00a0richtet das \u201eAlte Weberhaus\u201c in der Darmst\u00e4dter Stra\u00dfe 40 als neuen Standort f\u00fcr die Stadtb\u00fccherei Ober-Ramstadt\u00a0her. Mit einer Fl\u00e4che von rund 300 Quadratmeter steht der Stadtb\u00fccherei dann deutlich mehr Fl\u00e4che zur Pr\u00e4sentation ihres umfangreichen Medienbestandes zur Verf\u00fcgung. <br>Das Wohn- und Gesch\u00e4ftshaus an der Darmst\u00e4dter Stra\u00dfe 40 liegt zentral in der Innenstadt, unweit der Bushaltestelle (Rathaus, Ober-Ramstadt). Der Umbau erfolgt entsprechend der Nutzungsbed\u00fcrfnisse der B\u00fccherei. Im barrierefrei zug\u00e4nglichen Erdgeschoss werden die Medienbest\u00e4nde und die Ausleihe ausreichend Platz finden. Ebenso ein kleines \u201eLesecaf\u00e8\u201c sowie barrierefreie Toilettenanlagen. B\u00fcro- und Personalr\u00e4ume sind im 1. Obergeschoss geplant. <\/p>\n\n\n\n<p>Zus\u00e4tzlich errichtet die SEG in den oberen Geschossen des Geb\u00e4udes zwei und im Hinterhaus vier Mietwohnungen, z.T. im Rahmen des \u00f6ffentlich gef\u00f6rderten Wohnungsbaus. <\/p>\n","protected":false},"excerpt":{"rendered":"<p>Die SEG\u00a0richtet das \u201eAlte Weberhaus\u201c in der Darmst\u00e4dter Stra\u00dfe 40 als neuen Standort f\u00fcr die Stadtb\u00fccherei Ober-Ramstadt\u00a0her. Mit einer Fl\u00e4che von rund 300 Quadratmeter steht der Stadtb\u00fccherei dann deutlich mehr Fl\u00e4che zur Pr\u00e4sentation ihres umfangreichen Medienbestandes zur Verf\u00fcgung. Das Wohn- und Gesch\u00e4ftshaus an der Darmst\u00e4dter Stra\u00dfe 40 liegt zentral in der Innenstadt, unweit der Bushaltestelle [&hellip;]<\/p>\n","protected":false},"author":4,"featured_media":0,"parent":9,"menu_order":3,"comment_status":"closed","ping_status":"closed","template":"","meta":{"footnotes":""},"class_list":["post-219","page","type-page","status-publish","hentry"],"_links":{"self":[{"href":"https:\/\/seg-ober-ramstadt.de\/index.php?rest_route=\/wp\/v2\/pages\/219","targetHints":{"allow":["GET"]}}],"collection":[{"href":"https:\/\/seg-ober-ramstadt.de\/index.php?rest_route=\/wp\/v2\/pages"}],"about":[{"href":"https:\/\/seg-ober-ramstadt.de\/index.php?rest_route=\/wp\/v2\/types\/page"}],"author":[{"embeddable":true,"href":"https:\/\/seg-ober-ramstadt.de\/index.php?rest_route=\/wp\/v2\/users\/4"}],"replies":[{"embeddable":true,"href":"https:\/\/seg-ober-ramstadt.de\/index.php?rest_route=%2Fwp%2Fv2%2Fcomments&post=219"}],"version-history":[{"count":14,"href":"https:\/\/seg-ober-ramstadt.de\/index.php?rest_route=\/wp\/v2\/pages\/219\/revisions"}],"predecessor-version":[{"id":583,"href":"https:\/\/seg-ober-ramstadt.de\/index.php?rest_route=\/wp\/v2\/pages\/219\/revisions\/583"}],"up":[{"embeddable":true,"href":"https:\/\/seg-ober-ramstadt.de\/index.php?rest_route=\/wp\/v2\/pages\/9"}],"wp:attachment":[{"href":"https:\/\/seg-ober-ramstadt.de\/index.php?rest_route=%2Fwp%2Fv2%2Fmedia&parent=219"}],"curies":[{"name":"wp","href":"https:\/\/api.w.org\/{rel}","templated":true}]}}