{"id":228,"date":"2020-02-06T15:03:09","date_gmt":"2020-02-06T15:03:09","guid":{"rendered":"https:\/\/seg-ober-ramstadt.de\/?page_id=228"},"modified":"2022-10-07T12:11:42","modified_gmt":"2022-10-07T12:11:42","slug":"lage-und-verkehrsanbindung","status":"publish","type":"page","link":"https:\/\/seg-ober-ramstadt.de\/?page_id=228","title":{"rendered":"Lage und Verkehrsanbindung"},"content":{"rendered":"\n<h4 class=\"wp-block-heading\"> Zentrale Lage mit besten Verkehrsverbindungen <\/h4>\n\n\n\n<p>Das MIAG-Gel\u00e4nde liegt zentral in der Stadt Ober-Ramstadt und \nerm\u00f6glicht so k\u00fcrzeste Verbindungen zu Einrichtungen der sozialen \nInfrastruktur und zu \u00f6ffentlichen Verkehrsmitteln.&nbsp;<\/p>\n\n\n\n<figure class=\"wp-block-table\"><table><tbody><tr><td>Rathaus \/ Gesch\u00e4fte<\/td><td>&nbsp;&nbsp;&nbsp;&nbsp;&nbsp;&nbsp;&nbsp;&nbsp;&nbsp;&nbsp;&nbsp;&nbsp;&nbsp;&nbsp;&nbsp;&nbsp; 450 Meter<\/td><\/tr><tr><td>Kindertagesst\u00e4tte &nbsp;&nbsp;&nbsp;&nbsp;&nbsp;&nbsp;&nbsp;&nbsp;<\/td><td>&nbsp;&nbsp;&nbsp;&nbsp;&nbsp;&nbsp;&nbsp;&nbsp;&nbsp;&nbsp;&nbsp;&nbsp;&nbsp; 1.200 Meter<\/td><\/tr><tr><td>Schulen &nbsp;&nbsp;&nbsp;&nbsp;<\/td><td>&nbsp;&nbsp;&nbsp;&nbsp; 400 bis 600 Meter<\/td><\/tr><tr><td>Sportanlagen&nbsp;&nbsp;&nbsp;&nbsp;&nbsp;&nbsp;&nbsp;<\/td><td>&nbsp; &nbsp; &nbsp; &nbsp; &nbsp; &nbsp; &nbsp; angrenzend<\/td><\/tr><tr><td>Bushaltestelle&nbsp;<\/td><td>&nbsp;&nbsp;&nbsp;&nbsp; &nbsp; &nbsp; &nbsp; &nbsp; &nbsp; &nbsp; &nbsp; 50 Meter<\/td><\/tr><tr><td>Bahnhof<\/td><td>&nbsp;&nbsp;&nbsp; &nbsp; &nbsp; &nbsp; &nbsp; &nbsp; &nbsp;&nbsp; 300 Meter<\/td><\/tr><\/tbody><\/table><\/figure>\n\n\n\n<p>Das Gel\u00e4nde ist durch den <a href=\"https:\/\/www.ober-ramstadt.de\/stadtraum\/mobilitaet-und-verkehr\/oepnv\/\" target=\"_blank\" rel=\"noreferrer noopener\">Stadtbus<\/a> mit drei Haltestellen erschlossen.<\/p>\n\n\n\n<p>Die Stadt Ober-Ramstadt zeichnet sich durch eine zentrale\n Lage in der Rhein-Main-Neckar-Region aus. Mit PKW und den \u00f6ffentlichen \nVerkehrsmitteln wie Bus und Bahn sind alle Ziele in der Region schnell \nund kurzfristig zu erreichen.<\/p>\n\n\n\n<figure class=\"wp-block-table\"><table><tbody><tr><td>Zentrum Darmstadt&nbsp;&nbsp;<\/td><td>mit PKW&nbsp;&nbsp;&nbsp;&nbsp;&nbsp;&nbsp;&nbsp;&nbsp;&nbsp;&nbsp;&nbsp;<\/td><td>10 Kilometer<\/td><\/tr><tr><td><\/td><td>mit<a href=\"https:\/\/www.heagmobilo.de\/\" target=\"_blank\" rel=\"noreferrer noopener\"> Bus\/Bahn<\/a>&nbsp;&nbsp;&nbsp;&nbsp;&nbsp;&nbsp;&nbsp;&nbsp;&nbsp;&nbsp;&nbsp;<\/td><td>20-30 Minuten<\/td><\/tr><tr><td>Zentrum Frankfurt\/Main&nbsp;&nbsp;&nbsp;&nbsp;&nbsp;&nbsp;&nbsp;<\/td><td>mit PKW&nbsp;&nbsp;&nbsp;&nbsp;&nbsp;&nbsp;&nbsp;&nbsp;&nbsp;&nbsp;&nbsp;<\/td><td>50 Kilometer<\/td><\/tr><tr><td><\/td><td>mit <a href=\"https:\/\/www.odenwaldmobil.de\/nahverkehr\/die-odenwald-bahn\/\" target=\"_blank\" rel=\"noreferrer noopener\">Odenwaldbahn<\/a>&nbsp;&nbsp;&nbsp;&nbsp;&nbsp;&nbsp;&nbsp;<\/td><td>35 Minuten umsteigefrei<\/td><\/tr><\/tbody><\/table><\/figure>\n","protected":false},"excerpt":{"rendered":"<p>Zentrale Lage mit besten Verkehrsverbindungen Das MIAG-Gel\u00e4nde liegt zentral in der Stadt Ober-Ramstadt und erm\u00f6glicht so k\u00fcrzeste Verbindungen zu Einrichtungen der sozialen Infrastruktur und zu \u00f6ffentlichen Verkehrsmitteln.&nbsp; Rathaus \/ Gesch\u00e4fte &nbsp;&nbsp;&nbsp;&nbsp;&nbsp;&nbsp;&nbsp;&nbsp;&nbsp;&nbsp;&nbsp;&nbsp;&nbsp;&nbsp;&nbsp;&nbsp; 450 Meter Kindertagesst\u00e4tte &nbsp;&nbsp;&nbsp;&nbsp;&nbsp;&nbsp;&nbsp;&nbsp; &nbsp;&nbsp;&nbsp;&nbsp;&nbsp;&nbsp;&nbsp;&nbsp;&nbsp;&nbsp;&nbsp;&nbsp;&nbsp; 1.200 Meter Schulen &nbsp;&nbsp;&nbsp;&nbsp; &nbsp;&nbsp;&nbsp;&nbsp; 400 bis 600 Meter Sportanlagen&nbsp;&nbsp;&nbsp;&nbsp;&nbsp;&nbsp;&nbsp; &nbsp; &nbsp; &nbsp; &nbsp; &nbsp; &nbsp; &nbsp; angrenzend Bushaltestelle&nbsp; [&hellip;]<\/p>\n","protected":false},"author":4,"featured_media":0,"parent":8,"menu_order":4,"comment_status":"closed","ping_status":"closed","template":"","meta":{"footnotes":""},"class_list":["post-228","page","type-page","status-publish","hentry"],"_links":{"self":[{"href":"https:\/\/seg-ober-ramstadt.de\/index.php?rest_route=\/wp\/v2\/pages\/228","targetHints":{"allow":["GET"]}}],"collection":[{"href":"https:\/\/seg-ober-ramstadt.de\/index.php?rest_route=\/wp\/v2\/pages"}],"about":[{"href":"https:\/\/seg-ober-ramstadt.de\/index.php?rest_route=\/wp\/v2\/types\/page"}],"author":[{"embeddable":true,"href":"https:\/\/seg-ober-ramstadt.de\/index.php?rest_route=\/wp\/v2\/users\/4"}],"replies":[{"embeddable":true,"href":"https:\/\/seg-ober-ramstadt.de\/index.php?rest_route=%2Fwp%2Fv2%2Fcomments&post=228"}],"version-history":[{"count":5,"href":"https:\/\/seg-ober-ramstadt.de\/index.php?rest_route=\/wp\/v2\/pages\/228\/revisions"}],"predecessor-version":[{"id":566,"href":"https:\/\/seg-ober-ramstadt.de\/index.php?rest_route=\/wp\/v2\/pages\/228\/revisions\/566"}],"up":[{"embeddable":true,"href":"https:\/\/seg-ober-ramstadt.de\/index.php?rest_route=\/wp\/v2\/pages\/8"}],"wp:attachment":[{"href":"https:\/\/seg-ober-ramstadt.de\/index.php?rest_route=%2Fwp%2Fv2%2Fmedia&parent=228"}],"curies":[{"name":"wp","href":"https:\/\/api.w.org\/{rel}","templated":true}]}}