{"id":232,"date":"2020-02-06T15:04:29","date_gmt":"2020-02-06T15:04:29","guid":{"rendered":"https:\/\/seg-ober-ramstadt.de\/?page_id=232"},"modified":"2022-10-07T12:11:42","modified_gmt":"2022-10-07T12:11:42","slug":"stadt-ober-ramstadt","status":"publish","type":"page","link":"https:\/\/seg-ober-ramstadt.de\/?page_id=232","title":{"rendered":"Stadt Ober Ramstadt"},"content":{"rendered":"\n<h4 class=\"wp-block-heading\">Idylle am Rande des Odenwalds<\/h4>\n\n\n\n<figure class=\"wp-block-gallery columns-2 is-cropped wp-block-gallery-1 is-layout-flex wp-block-gallery-is-layout-flex\"><ul class=\"blocks-gallery-grid\"><li class=\"blocks-gallery-item\"><figure><a href=\"https:\/\/seg-ober-ramstadt.de\/wp-content\/uploads\/2020\/02\/Rathaus-Ober-Ramstadt-scaled-e1581949564400-1024x997.jpg\"><img loading=\"lazy\" decoding=\"async\" width=\"1024\" height=\"997\" src=\"https:\/\/seg-ober-ramstadt.de\/wp-content\/uploads\/2020\/02\/Rathaus-Ober-Ramstadt-scaled-e1581949564400-1024x997.jpg\" alt=\"\" data-id=\"350\" data-link=\"https:\/\/seg-ober-ramstadt.de\/miag-gelande\/stadt-ober-ramstadt\/rhdr\/\" class=\"wp-image-350\" srcset=\"https:\/\/seg-ober-ramstadt.de\/wp-content\/uploads\/2020\/02\/Rathaus-Ober-Ramstadt-scaled-e1581949564400-1024x997.jpg 1024w, https:\/\/seg-ober-ramstadt.de\/wp-content\/uploads\/2020\/02\/Rathaus-Ober-Ramstadt-scaled-e1581949564400-300x292.jpg 300w, https:\/\/seg-ober-ramstadt.de\/wp-content\/uploads\/2020\/02\/Rathaus-Ober-Ramstadt-scaled-e1581949564400-768x747.jpg 768w, https:\/\/seg-ober-ramstadt.de\/wp-content\/uploads\/2020\/02\/Rathaus-Ober-Ramstadt-scaled-e1581949564400-1536x1495.jpg 1536w, https:\/\/seg-ober-ramstadt.de\/wp-content\/uploads\/2020\/02\/Rathaus-Ober-Ramstadt-scaled-e1581949564400.jpg 1828w\" sizes=\"auto, (max-width: 1024px) 100vw, 1024px\" \/><\/a><\/figure><\/li><li class=\"blocks-gallery-item\"><figure><a href=\"https:\/\/seg-ober-ramstadt.de\/wp-content\/uploads\/2020\/05\/IMG_7367-BEA.jpg\"><img loading=\"lazy\" decoding=\"async\" width=\"1024\" height=\"682\" src=\"https:\/\/seg-ober-ramstadt.de\/wp-content\/uploads\/2020\/05\/IMG_7367-BEA-1024x682.jpg\" alt=\"\" data-id=\"599\" data-full-url=\"https:\/\/seg-ober-ramstadt.de\/wp-content\/uploads\/2020\/05\/IMG_7367-BEA.jpg\" data-link=\"https:\/\/seg-ober-ramstadt.de\/miag-gelande\/stadt-ober-ramstadt\/img_7367-bea\/\" class=\"wp-image-599\" srcset=\"https:\/\/seg-ober-ramstadt.de\/wp-content\/uploads\/2020\/05\/IMG_7367-BEA-1024x682.jpg 1024w, https:\/\/seg-ober-ramstadt.de\/wp-content\/uploads\/2020\/05\/IMG_7367-BEA-300x200.jpg 300w, https:\/\/seg-ober-ramstadt.de\/wp-content\/uploads\/2020\/05\/IMG_7367-BEA-768x512.jpg 768w, https:\/\/seg-ober-ramstadt.de\/wp-content\/uploads\/2020\/05\/IMG_7367-BEA.jpg 1124w\" sizes=\"auto, (max-width: 1024px) 100vw, 1024px\" \/><\/a><\/figure><\/li><\/ul><\/figure>\n\n\n\n<p>Die <a rel=\"noreferrer noopener\" target=\"_blank\" href=\"http:\/\/www.ober-ramstadt.de\">Stadt Ober-Ramstadt<\/a> liegt im vorderen Odenwald, idyllisch und doch inmitten des Zentrums der Wirtschaftskraft des Rhein-Main-Gebietes. Als Mitglied des Naturparks Bergstra\u00dfe-Odenwald, umgeben von Streuobstwiesen und Wald, zeichnet sich der Ort ebenso durch sein wirtschaft-liches Potential aus. Nicht nur durch die Lage in der Wachstumsregion Starkenburg, sondern auch aufgrund der N\u00e4he von nur 10 Kilometer zur Wissenschaftsstadt Darmstadt, dem Technologiezentrum von Hessen.<\/p>\n\n\n\n<p>Verkehrsg\u00fcnstig gelegen lassen sich auch die Flugh\u00e4fen Frankfurt  und Hahn rasch erreichen. Ober-Ramstadt zeigt sich somit nicht allein als Tor zum Odenwald, sondern besticht durch optimale verkehrstechnische  Anbindung in alle Himmelsrichtungen.<\/p>\n\n\n\n<p>Schon im 19. Jahrhundert wandelte sich Ober-Ramstadt von einer  landwirtschaftlich gepr\u00e4gten Gemeinde zu einem produzierenden Zentrum,  nicht zuletzt durch die DAW, zu der der heutige Hauptarbeitgeber Caparol,  der gr\u00f6\u00dfte Baufarbenhersteller in Deutschland, geh\u00f6rt. Zahlreiche  Freizeitangebote, Kinderg\u00e4rten und Schulen, einschlie\u00dflich der  gymnasialen Oberstufe lassen keine W\u00fcnsche offen. Die Stadt mit ihren  drei Stadtteilen hat heute ca. 16.000 Einwohner. <\/p>\n","protected":false},"excerpt":{"rendered":"<p>Idylle am Rande des Odenwalds Die Stadt Ober-Ramstadt liegt im vorderen Odenwald, idyllisch und doch inmitten des Zentrums der Wirtschaftskraft des Rhein-Main-Gebietes. Als Mitglied des Naturparks Bergstra\u00dfe-Odenwald, umgeben von Streuobstwiesen und Wald, zeichnet sich der Ort ebenso durch sein wirtschaft-liches Potential aus. Nicht nur durch die Lage in der Wachstumsregion Starkenburg, sondern auch aufgrund der [&hellip;]<\/p>\n","protected":false},"author":4,"featured_media":0,"parent":8,"menu_order":6,"comment_status":"closed","ping_status":"closed","template":"","meta":{"footnotes":""},"class_list":["post-232","page","type-page","status-publish","hentry"],"_links":{"self":[{"href":"https:\/\/seg-ober-ramstadt.de\/index.php?rest_route=\/wp\/v2\/pages\/232","targetHints":{"allow":["GET"]}}],"collection":[{"href":"https:\/\/seg-ober-ramstadt.de\/index.php?rest_route=\/wp\/v2\/pages"}],"about":[{"href":"https:\/\/seg-ober-ramstadt.de\/index.php?rest_route=\/wp\/v2\/types\/page"}],"author":[{"embeddable":true,"href":"https:\/\/seg-ober-ramstadt.de\/index.php?rest_route=\/wp\/v2\/users\/4"}],"replies":[{"embeddable":true,"href":"https:\/\/seg-ober-ramstadt.de\/index.php?rest_route=%2Fwp%2Fv2%2Fcomments&post=232"}],"version-history":[{"count":27,"href":"https:\/\/seg-ober-ramstadt.de\/index.php?rest_route=\/wp\/v2\/pages\/232\/revisions"}],"predecessor-version":[{"id":600,"href":"https:\/\/seg-ober-ramstadt.de\/index.php?rest_route=\/wp\/v2\/pages\/232\/revisions\/600"}],"up":[{"embeddable":true,"href":"https:\/\/seg-ober-ramstadt.de\/index.php?rest_route=\/wp\/v2\/pages\/8"}],"wp:attachment":[{"href":"https:\/\/seg-ober-ramstadt.de\/index.php?rest_route=%2Fwp%2Fv2%2Fmedia&parent=232"}],"curies":[{"name":"wp","href":"https:\/\/api.w.org\/{rel}","templated":true}]}}