{"id":234,"date":"2020-02-06T15:05:07","date_gmt":"2020-02-06T15:05:07","guid":{"rendered":"https:\/\/seg-ober-ramstadt.de\/?page_id=234"},"modified":"2022-10-07T12:11:42","modified_gmt":"2022-10-07T12:11:42","slug":"wegbeschreibung","status":"publish","type":"page","link":"https:\/\/seg-ober-ramstadt.de\/?page_id=234","title":{"rendered":"Wegbeschreibung"},"content":{"rendered":"\n<h4 class=\"wp-block-heading\">Das MIAG-Gel\u00e4nde erreichen Sie wie folgt: <\/h4>\n\n\n\n<p>Von Westen aus Richtung Darmstadt kommend \u00fcber die B426 <\/p>\n\n\n\n<p>links abbiegen auf die Nieder-Ramst\u00e4dter Stra\u00dfe, dieser  800 m folgen bis zum Kreisel und diesen rechts ausfahren und weiter auf  der Nieder-Ramst\u00e4dter Stra\u00dfe bleiben. Dann nach ca. 500 m links in die  Alicestra\u00dfe einbiegen. Folgen Sie der Stra\u00dfe, die automatisch nach  200 m  in die H\u00fcgelstra\u00dfe  m\u00fcndet. Dann biegen Sie links ab und fahren  durch  die neue  Bahnunterf\u00fchrung hindurch. Rechter Hand liegt das MIAG-Gel\u00e4nde   auf  welches Sie \u00fcber die Hundertmeterallee gelangen.<\/p>\n\n\n\n<p>Von Osten aus dem Odenwald kommend \u00fcber die B426<\/p>\n\n\n\n<p>rechts abbiegen auf die Darmst\u00e4dter Stra\u00dfe, dann nach 1,3\n km wieder  rechts auf die Alicestra\u00dfe. Folgen Sie der Stra\u00dfe, die \nautomatisch nach  200 m in die H\u00fcgelstra\u00dfe m\u00fcndet. Dann biegen Sie links\n ab und fahren  durch die neue Bahnunterf\u00fchrung hindurch. Rechter Hand \nliegt das MIAG-Gel\u00e4nde  auf welches Sie \u00fcber die Hundertmeterallee \ngelangen.<\/p>\n","protected":false},"excerpt":{"rendered":"<p>Das MIAG-Gel\u00e4nde erreichen Sie wie folgt: Von Westen aus Richtung Darmstadt kommend \u00fcber die B426 links abbiegen auf die Nieder-Ramst\u00e4dter Stra\u00dfe, dieser 800 m folgen bis zum Kreisel und diesen rechts ausfahren und weiter auf der Nieder-Ramst\u00e4dter Stra\u00dfe bleiben. Dann nach ca. 500 m links in die Alicestra\u00dfe einbiegen. Folgen Sie der Stra\u00dfe, die automatisch [&hellip;]<\/p>\n","protected":false},"author":4,"featured_media":0,"parent":8,"menu_order":7,"comment_status":"closed","ping_status":"closed","template":"","meta":{"footnotes":""},"class_list":["post-234","page","type-page","status-publish","hentry"],"_links":{"self":[{"href":"https:\/\/seg-ober-ramstadt.de\/index.php?rest_route=\/wp\/v2\/pages\/234","targetHints":{"allow":["GET"]}}],"collection":[{"href":"https:\/\/seg-ober-ramstadt.de\/index.php?rest_route=\/wp\/v2\/pages"}],"about":[{"href":"https:\/\/seg-ober-ramstadt.de\/index.php?rest_route=\/wp\/v2\/types\/page"}],"author":[{"embeddable":true,"href":"https:\/\/seg-ober-ramstadt.de\/index.php?rest_route=\/wp\/v2\/users\/4"}],"replies":[{"embeddable":true,"href":"https:\/\/seg-ober-ramstadt.de\/index.php?rest_route=%2Fwp%2Fv2%2Fcomments&post=234"}],"version-history":[{"count":2,"href":"https:\/\/seg-ober-ramstadt.de\/index.php?rest_route=\/wp\/v2\/pages\/234\/revisions"}],"predecessor-version":[{"id":261,"href":"https:\/\/seg-ober-ramstadt.de\/index.php?rest_route=\/wp\/v2\/pages\/234\/revisions\/261"}],"up":[{"embeddable":true,"href":"https:\/\/seg-ober-ramstadt.de\/index.php?rest_route=\/wp\/v2\/pages\/8"}],"wp:attachment":[{"href":"https:\/\/seg-ober-ramstadt.de\/index.php?rest_route=%2Fwp%2Fv2%2Fmedia&parent=234"}],"curies":[{"name":"wp","href":"https:\/\/api.w.org\/{rel}","templated":true}]}}