{"id":242,"date":"2020-02-06T15:11:13","date_gmt":"2020-02-06T15:11:13","guid":{"rendered":"https:\/\/seg-ober-ramstadt.de\/?page_id=242"},"modified":"2022-10-10T13:18:11","modified_gmt":"2022-10-10T13:18:11","slug":"das-pfoertnerhaus-ein-stueck-zeitgeschichte-auf-dem-miag-gelaende","status":"publish","type":"page","link":"https:\/\/seg-ober-ramstadt.de\/?page_id=242","title":{"rendered":"Das Pf\u00f6rtnerhaus &#8211; Ein St\u00fcck Zeitgeschichte auf dem MIAG Gel\u00e4nde"},"content":{"rendered":"\n<figure class=\"wp-block-image size-large\"><img loading=\"lazy\" decoding=\"async\" width=\"1024\" height=\"768\" src=\"https:\/\/seg-ober-ramstadt.de\/wp-content\/uploads\/2022\/10\/IMG-20220922-WA0025-3-1024x768.jpg\" alt=\"\" class=\"wp-image-806\" srcset=\"https:\/\/seg-ober-ramstadt.de\/wp-content\/uploads\/2022\/10\/IMG-20220922-WA0025-3-1024x768.jpg 1024w, https:\/\/seg-ober-ramstadt.de\/wp-content\/uploads\/2022\/10\/IMG-20220922-WA0025-3-300x225.jpg 300w, https:\/\/seg-ober-ramstadt.de\/wp-content\/uploads\/2022\/10\/IMG-20220922-WA0025-3-768x576.jpg 768w, https:\/\/seg-ober-ramstadt.de\/wp-content\/uploads\/2022\/10\/IMG-20220922-WA0025-3-1536x1152.jpg 1536w, https:\/\/seg-ober-ramstadt.de\/wp-content\/uploads\/2022\/10\/IMG-20220922-WA0025-3.jpg 2048w\" sizes=\"auto, (max-width: 1024px) 100vw, 1024px\" \/><\/figure>\n\n\n\n<p>Das MIAG Gel\u00e4nde nahm seinen Anfang im Jahr 1917, als sich die Munitionsfabrik Walbinger ansiedelte. Im Jahr 1922 erwarb die Falcon-Werke AG das Gel\u00e4nde und verwandelten es in einen bedeutenden Standort der deutschen Automobilindustrie. <\/p>\n\n\n\n<p>Am Eingang des Gel\u00e4ndes befand sich ein Pf\u00f6rtnerhaus. Dieses wundersch\u00f6ne St\u00fcck Zeitgeschichte wurde nun historisch getreu wieder aufgebaut. <\/p>\n\n\n\n<p><\/p>\n\n\n\n<figure class=\"wp-block-gallery has-nested-images columns-default is-cropped wp-block-gallery-1 is-layout-flex wp-block-gallery-is-layout-flex\">\n<figure class=\"wp-block-image size-large\"><a href=\"https:\/\/seg-ober-ramstadt.de\/wp-content\/uploads\/2022\/10\/IMG-20220922-WA0024-1.jpg\"><img loading=\"lazy\" decoding=\"async\" width=\"1024\" height=\"768\" data-id=\"805\" src=\"https:\/\/seg-ober-ramstadt.de\/wp-content\/uploads\/2022\/10\/IMG-20220922-WA0024-1-1024x768.jpg\" alt=\"\" class=\"wp-image-805\" srcset=\"https:\/\/seg-ober-ramstadt.de\/wp-content\/uploads\/2022\/10\/IMG-20220922-WA0024-1-1024x768.jpg 1024w, https:\/\/seg-ober-ramstadt.de\/wp-content\/uploads\/2022\/10\/IMG-20220922-WA0024-1-300x225.jpg 300w, https:\/\/seg-ober-ramstadt.de\/wp-content\/uploads\/2022\/10\/IMG-20220922-WA0024-1-768x576.jpg 768w, https:\/\/seg-ober-ramstadt.de\/wp-content\/uploads\/2022\/10\/IMG-20220922-WA0024-1-1536x1152.jpg 1536w, https:\/\/seg-ober-ramstadt.de\/wp-content\/uploads\/2022\/10\/IMG-20220922-WA0024-1.jpg 2048w\" sizes=\"auto, (max-width: 1024px) 100vw, 1024px\" \/><\/a><\/figure>\n\n\n\n<figure class=\"wp-block-image size-large\"><a href=\"https:\/\/seg-ober-ramstadt.de\/wp-content\/uploads\/2022\/10\/IMG-20220922-WA0023-1.jpg\"><img loading=\"lazy\" decoding=\"async\" width=\"1024\" height=\"768\" data-id=\"801\" src=\"https:\/\/seg-ober-ramstadt.de\/wp-content\/uploads\/2022\/10\/IMG-20220922-WA0023-1-1024x768.jpg\" alt=\"\" class=\"wp-image-801\" srcset=\"https:\/\/seg-ober-ramstadt.de\/wp-content\/uploads\/2022\/10\/IMG-20220922-WA0023-1-1024x768.jpg 1024w, https:\/\/seg-ober-ramstadt.de\/wp-content\/uploads\/2022\/10\/IMG-20220922-WA0023-1-300x225.jpg 300w, https:\/\/seg-ober-ramstadt.de\/wp-content\/uploads\/2022\/10\/IMG-20220922-WA0023-1-768x576.jpg 768w, https:\/\/seg-ober-ramstadt.de\/wp-content\/uploads\/2022\/10\/IMG-20220922-WA0023-1-1536x1152.jpg 1536w, https:\/\/seg-ober-ramstadt.de\/wp-content\/uploads\/2022\/10\/IMG-20220922-WA0023-1.jpg 2048w\" sizes=\"auto, (max-width: 1024px) 100vw, 1024px\" \/><\/a><\/figure>\n\n\n\n<figure class=\"wp-block-image size-large\"><a href=\"https:\/\/seg-ober-ramstadt.de\/wp-content\/uploads\/2022\/05\/IMG-20220502-WA0027.jpg\"><img loading=\"lazy\" decoding=\"async\" width=\"1024\" height=\"768\" data-id=\"768\" src=\"https:\/\/seg-ober-ramstadt.de\/wp-content\/uploads\/2022\/05\/IMG-20220502-WA0027-1024x768.jpg\" alt=\"\" class=\"wp-image-768\" srcset=\"https:\/\/seg-ober-ramstadt.de\/wp-content\/uploads\/2022\/05\/IMG-20220502-WA0027-1024x768.jpg 1024w, https:\/\/seg-ober-ramstadt.de\/wp-content\/uploads\/2022\/05\/IMG-20220502-WA0027-300x225.jpg 300w, https:\/\/seg-ober-ramstadt.de\/wp-content\/uploads\/2022\/05\/IMG-20220502-WA0027-768x576.jpg 768w, https:\/\/seg-ober-ramstadt.de\/wp-content\/uploads\/2022\/05\/IMG-20220502-WA0027-1536x1152.jpg 1536w, https:\/\/seg-ober-ramstadt.de\/wp-content\/uploads\/2022\/05\/IMG-20220502-WA0027.jpg 2048w\" sizes=\"auto, (max-width: 1024px) 100vw, 1024px\" \/><\/a><\/figure>\n<\/figure>\n\n\n\n<p><\/p>\n","protected":false},"excerpt":{"rendered":"<p>Das MIAG Gel\u00e4nde nahm seinen Anfang im Jahr 1917, als sich die Munitionsfabrik Walbinger ansiedelte. Im Jahr 1922 erwarb die Falcon-Werke AG das Gel\u00e4nde und verwandelten es in einen bedeutenden Standort der deutschen Automobilindustrie. Am Eingang des Gel\u00e4ndes befand sich ein Pf\u00f6rtnerhaus. Dieses wundersch\u00f6ne St\u00fcck Zeitgeschichte wurde nun historisch getreu wieder aufgebaut.<\/p>\n","protected":false},"author":4,"featured_media":0,"parent":9,"menu_order":4,"comment_status":"closed","ping_status":"closed","template":"","meta":{"footnotes":""},"class_list":["post-242","page","type-page","status-publish","hentry"],"_links":{"self":[{"href":"https:\/\/seg-ober-ramstadt.de\/index.php?rest_route=\/wp\/v2\/pages\/242","targetHints":{"allow":["GET"]}}],"collection":[{"href":"https:\/\/seg-ober-ramstadt.de\/index.php?rest_route=\/wp\/v2\/pages"}],"about":[{"href":"https:\/\/seg-ober-ramstadt.de\/index.php?rest_route=\/wp\/v2\/types\/page"}],"author":[{"embeddable":true,"href":"https:\/\/seg-ober-ramstadt.de\/index.php?rest_route=\/wp\/v2\/users\/4"}],"replies":[{"embeddable":true,"href":"https:\/\/seg-ober-ramstadt.de\/index.php?rest_route=%2Fwp%2Fv2%2Fcomments&post=242"}],"version-history":[{"count":33,"href":"https:\/\/seg-ober-ramstadt.de\/index.php?rest_route=\/wp\/v2\/pages\/242\/revisions"}],"predecessor-version":[{"id":808,"href":"https:\/\/seg-ober-ramstadt.de\/index.php?rest_route=\/wp\/v2\/pages\/242\/revisions\/808"}],"up":[{"embeddable":true,"href":"https:\/\/seg-ober-ramstadt.de\/index.php?rest_route=\/wp\/v2\/pages\/9"}],"wp:attachment":[{"href":"https:\/\/seg-ober-ramstadt.de\/index.php?rest_route=%2Fwp%2Fv2%2Fmedia&parent=242"}],"curies":[{"name":"wp","href":"https:\/\/api.w.org\/{rel}","templated":true}]}}