{"id":9,"date":"2019-03-06T16:09:04","date_gmt":"2019-03-06T16:09:04","guid":{"rendered":"https:\/\/seg-ober-ramstadt.de\/?page_id=9"},"modified":"2022-05-02T13:11:11","modified_gmt":"2022-05-02T13:11:11","slug":"projekte","status":"publish","type":"page","link":"https:\/\/seg-ober-ramstadt.de\/?page_id=9","title":{"rendered":"Projekte"},"content":{"rendered":"\n<p>Zur Nutzung der Entwicklungspotentiale der Stadt Ober-Ramstadt, wurde  f\u00fcr ein Gebiet am Nieder-Modauer-Weg im S\u00fcden der Stadt ein Konzept f\u00fcr  eine gemischte Nutzung entwickelt. Das Gebiet grenzt unmittelbar an das  Freibad und das Jugendzentrum der Stadt an. Wichtigstes Anliegen der  Stadt war es f\u00fcr die Polizei, die in Ober-Ramstadt ihre Station hat, einen neuen dem Raumbedarf und modernen technischen Anforderungen angemessenen Standort zu finden.  Angrenzend an dieses Grundst\u00fcck stehen auch Fl\u00e4chen f\u00fcr eine  wohnbauliche sowie f\u00fcr eine gewerbliche Nutzung zur Verf\u00fcgung.<\/p>\n\n\n\n<p>Das Neubaugebiet am Nieder-Modauer Weg liegt verkehrsg\u00fcnstig in der N\u00e4he  des Anschlusses an die Umgehungstra\u00dfe B426. Es ist aber auch noch  fu\u00dfl\u00e4ufig von der Kernstadt erreichbar. Der Geltungsbereich des  Bebauungsplanes hat insgesamt eine Fl\u00e4che von ca. 2,4 Hektar.  <\/p>\n","protected":false},"excerpt":{"rendered":"<p>Zur Nutzung der Entwicklungspotentiale der Stadt Ober-Ramstadt, wurde f\u00fcr ein Gebiet am Nieder-Modauer-Weg im S\u00fcden der Stadt ein Konzept f\u00fcr eine gemischte Nutzung entwickelt. Das Gebiet grenzt unmittelbar an das Freibad und das Jugendzentrum der Stadt an. Wichtigstes Anliegen der Stadt war es f\u00fcr die Polizei, die in Ober-Ramstadt ihre Station hat, einen neuen dem [&hellip;]<\/p>\n","protected":false},"author":1,"featured_media":0,"parent":0,"menu_order":6,"comment_status":"closed","ping_status":"closed","template":"","meta":{"footnotes":""},"class_list":["post-9","page","type-page","status-publish","hentry"],"_links":{"self":[{"href":"https:\/\/seg-ober-ramstadt.de\/index.php?rest_route=\/wp\/v2\/pages\/9","targetHints":{"allow":["GET"]}}],"collection":[{"href":"https:\/\/seg-ober-ramstadt.de\/index.php?rest_route=\/wp\/v2\/pages"}],"about":[{"href":"https:\/\/seg-ober-ramstadt.de\/index.php?rest_route=\/wp\/v2\/types\/page"}],"author":[{"embeddable":true,"href":"https:\/\/seg-ober-ramstadt.de\/index.php?rest_route=\/wp\/v2\/users\/1"}],"replies":[{"embeddable":true,"href":"https:\/\/seg-ober-ramstadt.de\/index.php?rest_route=%2Fwp%2Fv2%2Fcomments&post=9"}],"version-history":[{"count":6,"href":"https:\/\/seg-ober-ramstadt.de\/index.php?rest_route=\/wp\/v2\/pages\/9\/revisions"}],"predecessor-version":[{"id":633,"href":"https:\/\/seg-ober-ramstadt.de\/index.php?rest_route=\/wp\/v2\/pages\/9\/revisions\/633"}],"wp:attachment":[{"href":"https:\/\/seg-ober-ramstadt.de\/index.php?rest_route=%2Fwp%2Fv2%2Fmedia&parent=9"}],"curies":[{"name":"wp","href":"https:\/\/api.w.org\/{rel}","templated":true}]}}